{"id":81,"date":"2024-09-12T16:58:08","date_gmt":"2024-09-12T16:58:08","guid":{"rendered":"https:\/\/ecoenergiasge.com\/?page_id=81"},"modified":"2024-10-01T10:12:44","modified_gmt":"2024-10-01T10:12:44","slug":"nosotros","status":"publish","type":"page","link":"https:\/\/ecoenergias-ge.com\/en\/nosotros\/","title":{"rendered":"About Us"},"content":{"rendered":"\t\t<div data-elementor-type=\"wp-page\" data-elementor-id=\"81\" class=\"elementor elementor-81\">\n\t\t\t\t<div class=\"elementor-element elementor-element-fed0753 e-flex e-con-boxed e-con e-parent\" data-id=\"fed0753\" data-element_type=\"container\" data-e-type=\"container\" data-settings=\"{&quot;background_background&quot;:&quot;slideshow&quot;,&quot;background_slideshow_gallery&quot;:[{&quot;id&quot;:1848,&quot;url&quot;:&quot;https:\\\/\\\/ecoenergias-ge.com\\\/wp-content\\\/uploads\\\/2024\\\/09\\\/plando-detalle-e331a8e2-d582-49f0-9d7b-fab9931b19f4.png&quot;},{&quot;id&quot;:1760,&quot;url&quot;:&quot;https:\\\/\\\/ecoenergias-ge.com\\\/wp-content\\\/uploads\\\/2024\\\/09\\\/complejo-reside-f78cce15-5da9-4ffa-9932-54d79648fa93.png&quot;},{&quot;id&quot;:222,&quot;url&quot;:&quot;https:\\\/\\\/ecoenergias-ge.com\\\/wp-content\\\/uploads\\\/2024\\\/09\\\/clean-energy-concept-with-wind-turbines-scaled.jpg&quot;}],&quot;background_slideshow_slide_duration&quot;:10000,&quot;background_slideshow_lazyload&quot;:&quot;yes&quot;,&quot;background_slideshow_ken_burns&quot;:&quot;yes&quot;,&quot;background_slideshow_loop&quot;:&quot;yes&quot;,&quot;background_slideshow_slide_transition&quot;:&quot;fade&quot;,&quot;background_slideshow_transition_duration&quot;:500,&quot;background_slideshow_ken_burns_zoom_direction&quot;:&quot;in&quot;}\">\n\t\t\t\t\t<div class=\"e-con-inner\">\n\t\t<div class=\"elementor-element elementor-element-48de6a1 e-con-full e-flex e-con e-child\" data-id=\"48de6a1\" data-element_type=\"container\" data-e-type=\"container\">\n\t\t\t\t<div class=\"elementor-element elementor-element-af18293 elementor-invisible elementor-widget elementor-widget-heading\" data-id=\"af18293\" data-element_type=\"widget\" data-e-type=\"widget\" data-settings=\"{&quot;_animation&quot;:&quot;fadeInUp&quot;,&quot;_animation_delay&quot;:200}\" data-widget_type=\"heading.default\">\n\t\t\t\t<div class=\"elementor-widget-container\">\n\t\t\t\t\t<h1 class=\"elementor-heading-title elementor-size-default\">Empresa L\u00edder en Energ\u00eda Renovable<\/h1>\t\t\t\t<\/div>\n\t\t\t\t<\/div>\n\t\t\t\t<\/div>\n\t\t\t\t\t<\/div>\n\t\t\t\t<\/div>\n\t\t<div class=\"elementor-element elementor-element-71c145ff e-flex e-con-boxed e-con e-parent\" data-id=\"71c145ff\" data-element_type=\"container\" data-e-type=\"container\">\n\t\t\t\t\t<div class=\"e-con-inner\">\n\t\t<div class=\"elementor-element elementor-element-324030b6 e-con-full e-flex elementor-invisible e-con e-child\" data-id=\"324030b6\" data-element_type=\"container\" data-e-type=\"container\" data-settings=\"{&quot;animation&quot;:&quot;fadeInLeft&quot;}\">\n\t\t\t\t<div class=\"elementor-element elementor-element-2d22d0d elementor-widget__width-initial elementor-widget elementor-widget-heading\" data-id=\"2d22d0d\" data-element_type=\"widget\" data-e-type=\"widget\" data-widget_type=\"heading.default\">\n\t\t\t\t<div class=\"elementor-widget-container\">\n\t\t\t\t\t<h2 class=\"elementor-heading-title elementor-size-default\">Profesionales Dedicados al \u00c9xito de tu Proyecto<\/h2>\t\t\t\t<\/div>\n\t\t\t\t<\/div>\n\t\t\t\t<div class=\"elementor-element elementor-element-9b6a929 elementor-widget elementor-widget-heading\" data-id=\"9b6a929\" data-element_type=\"widget\" data-e-type=\"widget\" data-widget_type=\"heading.default\">\n\t\t\t\t<div class=\"elementor-widget-container\">\n\t\t\t\t\t<div class=\"elementor-heading-title elementor-size-default\">Fundada con la visi\u00f3n de un mundo m\u00e1s limpio y eficiente, Ecoenergias SL ha crecido hasta convertirse en un referente en soluciones energ\u00e9ticas renovables. Nuestro enfoque es simple pero poderoso: utilizar la \u00faltima tecnolog\u00eda para crear sistemas energ\u00e9ticos que no solo reduzcan los costos, sino que tambi\u00e9n minimicen el impacto ambiental. <br><br>Desde la energ\u00eda fotovoltaica hasta la generaci\u00f3n t\u00e9rmica, nuestros proyectos est\u00e1n dise\u00f1ados para ofrecer resultados excepcionales. Cada d\u00eda, trabajamos con pasi\u00f3n y dedicaci\u00f3n para asegurar que nuestros clientes reciban el mejor servicio y las soluciones m\u00e1s innovadoras del mercado.\n\n\n<br><br><b>Nuestra Misi\u00f3n<\/b> es la ejecuci\u00f3n de proyectos de ingenier\u00eda,  Mantenimiento de edificaciones y dise\u00f1o en el \u00e1rea de la energ\u00eda.\n\n<br><br> <b>Nuestra Visi\u00f3n<\/b> es ser la empresa l\u00edder en Guinea Ecuatorial y \u00c1frica, alcanzar los niveles de calidad que nos permitan ser competitivos en precio, calidad de obra y tiempos de ejecuci\u00f3n.<\/div>\t\t\t\t<\/div>\n\t\t\t\t<\/div>\n\t\t\t\t<\/div>\n\t\t<div class=\"elementor-element elementor-element-364201d2 e-con-full e-flex e-con e-child\" data-id=\"364201d2\" data-element_type=\"container\" data-e-type=\"container\">\n\t\t<div class=\"elementor-element elementor-element-415af1a e-con-full e-flex e-con e-child\" data-id=\"415af1a\" data-element_type=\"container\" data-e-type=\"container\" data-settings=\"{&quot;background_background&quot;:&quot;slideshow&quot;,&quot;background_slideshow_gallery&quot;:[{&quot;id&quot;:150,&quot;url&quot;:&quot;https:\\\/\\\/ecoenergias-ge.com\\\/wp-content\\\/uploads\\\/2024\\\/09\\\/IMG-20240913-WA0040.jpg&quot;},{&quot;id&quot;:149,&quot;url&quot;:&quot;https:\\\/\\\/ecoenergias-ge.com\\\/wp-content\\\/uploads\\\/2024\\\/09\\\/IMG-20240913-WA0039.jpg&quot;}],&quot;background_slideshow_lazyload&quot;:&quot;yes&quot;,&quot;background_slideshow_ken_burns&quot;:&quot;yes&quot;,&quot;background_slideshow_loop&quot;:&quot;yes&quot;,&quot;background_slideshow_slide_duration&quot;:5000,&quot;background_slideshow_slide_transition&quot;:&quot;fade&quot;,&quot;background_slideshow_transition_duration&quot;:500,&quot;background_slideshow_ken_burns_zoom_direction&quot;:&quot;in&quot;}\">\n\t\t\t\t<div class=\"elementor-element elementor-element-7f1176c elementor-widget elementor-widget-elementskit-video\" data-id=\"7f1176c\" data-element_type=\"widget\" data-e-type=\"widget\" data-widget_type=\"elementskit-video.default\">\n\t\t\t\t<div class=\"elementor-widget-container\">\n\t\t\t\t\t<div class=\"ekit-wid-con\" >\t\t<div class=\"video-content\" data-video-player=\"[&quot;playpause&quot;,&quot;current&quot;,&quot;progress&quot;,&quot;duration&quot;,&quot;volume&quot;]\" data-video-setting=\"{&quot;videoVolume&quot;:&quot;horizontal&quot;,&quot;startVolume&quot;:0.8000000000000000444089209850062616169452667236328125,&quot;videoType&quot;:&quot;inline&quot;,&quot;videoClass&quot;:&quot;ekit_self_video_wrap_content&quot;,&quot;videoStyle&quot;:&quot;popup&quot;,&quot;videoTypeName&quot;:&quot;self&quot;,&quot;autoplay&quot;:false,&quot;muted&quot;:false,&quot;loop&quot;:false}\">\n\t\t\t\n<a class=\"ekit_icon_button glow-ripple ekit-video-popup ekit-video-popup-btn\" href=\"#test-popup-link7f1176c\" aria-label=\"video-popup\">\n\t\t\t\t<i aria-hidden=\"true\" class=\"icon icon-play\"><\/i>\t\t\n\t\t\t<\/a>\n\t\t\t\t<div id=\"test-popup-link7f1176c\" class=\"mfp-hide ekit_self_video_wrap\">\n\t\t\t\t\t<video class=\"video_class\"\n\t\t\t\t\t\t poster=\"https:\/\/ecoenergias-ge.com\/wp-content\/uploads\/2024\/09\/IMG-20240913-WA0040.jpg\" \t\t\t\t\t>\n\t\t\t\t\t\t<source type=\"video\/mp4\" src=\"https:\/\/ecoenergias-ge.com\/wp-content\/uploads\/2024\/09\/VID-20240917-WA0000.mp4\" \/>\n\t\t\t\t\t<\/video>\n\t\t\t\t<\/div>\n\t\t\t\t\t\t\t<div class=\"ekit-hidden-icons\" hidden aria-hidden=\"true\">\n\t\t\t\t\t<i class=\"ekit-popup-close-icon icon icon-cancel\"><\/i>\t\t\t\t<\/div>\n\t\t<\/div>\n\t\t<\/div>\t\t\t\t<\/div>\n\t\t\t\t<\/div>\n\t\t\t\t<\/div>\n\t\t\t\t<\/div>\n\t\t\t\t\t<\/div>\n\t\t\t\t<\/div>\n\t\t<!-- dce invisible element 5bfbcabc -->\t\t<section class=\"elementor-section elementor-top-section elementor-element elementor-element-26de19fe elementor-section-full_width elementor-section-height-default elementor-section-height-default\" data-id=\"26de19fe\" data-element_type=\"section\" data-e-type=\"section\" data-settings=\"{&quot;background_background&quot;:&quot;classic&quot;}\">\n\t\t\t\t\t\t<div class=\"elementor-container elementor-column-gap-extended\">\n\t\t\t\t\t<div class=\"elementor-column elementor-col-100 elementor-top-column elementor-element elementor-element-79dd3f1e\" data-id=\"79dd3f1e\" data-element_type=\"column\" data-e-type=\"column\">\n\t\t\t<div class=\"elementor-widget-wrap elementor-element-populated\">\n\t\t\t\t\t\t<section class=\"elementor-section elementor-inner-section elementor-element elementor-element-40454139 elementor-section-full_width elementor-section-height-default elementor-section-height-default\" data-id=\"40454139\" data-element_type=\"section\" data-e-type=\"section\">\n\t\t\t\t\t\t<div class=\"elementor-container elementor-column-gap-no\">\n\t\t\t\t\t<div class=\"elementor-column elementor-col-33 elementor-inner-column elementor-element elementor-element-149b7f77\" data-id=\"149b7f77\" data-element_type=\"column\" data-e-type=\"column\" data-settings=\"{&quot;background_background&quot;:&quot;classic&quot;}\">\n\t\t\t<div class=\"elementor-widget-wrap elementor-element-populated\">\n\t\t\t\t\t\t<div class=\"elementor-element elementor-element-351c5419 elementor-widget elementor-widget-heading\" data-id=\"351c5419\" data-element_type=\"widget\" data-e-type=\"widget\" data-widget_type=\"heading.default\">\n\t\t\t\t<div class=\"elementor-widget-container\">\n\t\t\t\t\t<h4 class=\"elementor-heading-title elementor-size-default\">Transformemos Juntos tu Energ\u00eda<\/h4>\t\t\t\t<\/div>\n\t\t\t\t<\/div>\n\t\t\t\t<div class=\"elementor-element elementor-element-7a30387 elementor-widget elementor-widget-text-editor\" data-id=\"7a30387\" data-element_type=\"widget\" data-e-type=\"widget\" data-widget_type=\"text-editor.default\">\n\t\t\t\t<div class=\"elementor-widget-container\">\n\t\t\t\t\t\t\t\t\t<p>Desde 2016, nuestros clientes han ahorrado en sus facturas de energ\u00eda y han contribuido a un planeta m\u00e1s limpio.<\/p>\t\t\t\t\t\t\t\t<\/div>\n\t\t\t\t<\/div>\n\t\t\t\t<div class=\"elementor-element elementor-element-57c70274 elementor-widget elementor-widget-button\" data-id=\"57c70274\" data-element_type=\"widget\" data-e-type=\"widget\" data-widget_type=\"button.default\">\n\t\t\t\t<div class=\"elementor-widget-container\">\n\t\t\t\t\t\t\t\t\t<div class=\"elementor-button-wrapper\">\n\t\t\t\t\t<a class=\"elementor-button elementor-button-link elementor-size-md\" href=\"https:\/\/ecoenergias-ge.com\/contact\/\">\n\t\t\t\t\t\t<span class=\"elementor-button-content-wrapper\">\n\t\t\t\t\t\t\t\t\t<span class=\"elementor-button-text\">Contactanos<\/span>\n\t\t\t\t\t<\/span>\n\t\t\t\t\t<\/a>\n\t\t\t\t<\/div>\n\t\t\t\t\t\t\t\t<\/div>\n\t\t\t\t<\/div>\n\t\t\t\t\t<\/div>\n\t\t<\/div>\n\t\t\t\t<div class=\"elementor-column elementor-col-66 elementor-inner-column elementor-element elementor-element-4204e690 elementor-hidden-mobile\" data-id=\"4204e690\" data-element_type=\"column\" data-e-type=\"column\" data-settings=\"{&quot;background_background&quot;:&quot;slideshow&quot;,&quot;background_slideshow_gallery&quot;:[{&quot;id&quot;:1893,&quot;url&quot;:&quot;https:\\\/\\\/ecoenergias-ge.com\\\/wp-content\\\/uploads\\\/2024\\\/09\\\/www.ecoenergiasge.com_.png&quot;},{&quot;id&quot;:1943,&quot;url&quot;:&quot;https:\\\/\\\/ecoenergias-ge.com\\\/wp-content\\\/uploads\\\/2024\\\/09\\\/Una-vista-profe-8eaabfc7-2334-4106-924d-3066bb7a6d3c.png&quot;},{&quot;id&quot;:1848,&quot;url&quot;:&quot;https:\\\/\\\/ecoenergias-ge.com\\\/wp-content\\\/uploads\\\/2024\\\/09\\\/plando-detalle-e331a8e2-d582-49f0-9d7b-fab9931b19f4.png&quot;},{&quot;id&quot;:1813,&quot;url&quot;:&quot;https:\\\/\\\/ecoenergias-ge.com\\\/wp-content\\\/uploads\\\/2024\\\/09\\\/sistema-de-sinc-3c63c49e-7054-408e-98ab-8277727a0a34.png&quot;},{&quot;id&quot;:1760,&quot;url&quot;:&quot;https:\\\/\\\/ecoenergias-ge.com\\\/wp-content\\\/uploads\\\/2024\\\/09\\\/complejo-reside-f78cce15-5da9-4ffa-9932-54d79648fa93.png&quot;},{&quot;id&quot;:1752,&quot;url&quot;:&quot;https:\\\/\\\/ecoenergias-ge.com\\\/wp-content\\\/uploads\\\/2024\\\/09\\\/Planta-Fotovolt-407cc27b-7df6-42b9-800b-7aece4947efe.png&quot;}],&quot;background_slideshow_slide_duration&quot;:10000,&quot;background_slideshow_lazyload&quot;:&quot;yes&quot;,&quot;background_slideshow_ken_burns&quot;:&quot;yes&quot;,&quot;background_slideshow_loop&quot;:&quot;yes&quot;,&quot;background_slideshow_slide_transition&quot;:&quot;fade&quot;,&quot;background_slideshow_transition_duration&quot;:500,&quot;background_slideshow_ken_burns_zoom_direction&quot;:&quot;in&quot;}\">\n\t\t\t<div class=\"elementor-widget-wrap elementor-element-populated\">\n\t\t\t\t\t\t<div class=\"elementor-element elementor-element-74b02d75 elementor-widget elementor-widget-spacer\" data-id=\"74b02d75\" data-element_type=\"widget\" data-e-type=\"widget\" data-widget_type=\"spacer.default\">\n\t\t\t\t<div class=\"elementor-widget-container\">\n\t\t\t\t\t\t\t<div class=\"elementor-spacer\">\n\t\t\t<div class=\"elementor-spacer-inner\"><\/div>\n\t\t<\/div>\n\t\t\t\t\t\t<\/div>\n\t\t\t\t<\/div>\n\t\t\t\t\t<\/div>\n\t\t<\/div>\n\t\t\t\t\t<\/div>\n\t\t<\/section>\n\t\t\t\t\t<\/div>\n\t\t<\/div>\n\t\t\t\t\t<\/div>\n\t\t<\/section>\n\t\t\t\t<\/div>\n\t\t","protected":false},"excerpt":{"rendered":"<p>Empresa L\u00edder en Energ\u00eda Renovable Profesionales Dedicados al \u00c9xito de tu Proyecto Fundada con la visi\u00f3n de un mundo m\u00e1s limpio y eficiente, Ecoenergias SL ha crecido hasta convertirse en un referente en soluciones energ\u00e9ticas renovables. Nuestro enfoque es simple pero poderoso: utilizar la \u00faltima tecnolog\u00eda para crear sistemas energ\u00e9ticos que no solo reduzcan los [&hellip;]<\/p>\n","protected":false},"author":1,"featured_media":0,"parent":0,"menu_order":0,"comment_status":"closed","ping_status":"closed","template":"","meta":{"footnotes":""},"class_list":["post-81","page","type-page","status-publish","hentry"],"_links":{"self":[{"href":"https:\/\/ecoenergias-ge.com\/en\/wp-json\/wp\/v2\/pages\/81","targetHints":{"allow":["GET"]}}],"collection":[{"href":"https:\/\/ecoenergias-ge.com\/en\/wp-json\/wp\/v2\/pages"}],"about":[{"href":"https:\/\/ecoenergias-ge.com\/en\/wp-json\/wp\/v2\/types\/page"}],"author":[{"embeddable":true,"href":"https:\/\/ecoenergias-ge.com\/en\/wp-json\/wp\/v2\/users\/1"}],"replies":[{"embeddable":true,"href":"https:\/\/ecoenergias-ge.com\/en\/wp-json\/wp\/v2\/comments?post=81"}],"version-history":[{"count":217,"href":"https:\/\/ecoenergias-ge.com\/en\/wp-json\/wp\/v2\/pages\/81\/revisions"}],"predecessor-version":[{"id":3059,"href":"https:\/\/ecoenergias-ge.com\/en\/wp-json\/wp\/v2\/pages\/81\/revisions\/3059"}],"wp:attachment":[{"href":"https:\/\/ecoenergias-ge.com\/en\/wp-json\/wp\/v2\/media?parent=81"}],"curies":[{"name":"wp","href":"https:\/\/api.w.org\/{rel}","templated":true}]}}