{"id":1838,"date":"2024-09-18T12:33:53","date_gmt":"2024-09-18T12:33:53","guid":{"rendered":"https:\/\/ecoenergiasge.com\/?page_id=1838"},"modified":"2025-05-03T10:37:49","modified_gmt":"2025-05-03T10:37:49","slug":"proyecto-6","status":"publish","type":"page","link":"https:\/\/ecoenergias-ge.com\/fr\/proyecto-6\/","title":{"rendered":"Proyecto 6"},"content":{"rendered":"\t\t<div data-elementor-type=\"wp-page\" data-elementor-id=\"1838\" class=\"elementor elementor-1838\">\n\t\t\t\t<div class=\"elementor-element elementor-element-11660537 e-flex e-con-boxed e-con e-parent\" data-id=\"11660537\" data-element_type=\"container\" data-e-type=\"container\" data-settings=\"{&quot;background_background&quot;:&quot;slideshow&quot;,&quot;background_slideshow_gallery&quot;:[{&quot;id&quot;:3140,&quot;url&quot;:&quot;https:\\\/\\\/ecoenergias-ge.com\\\/wp-content\\\/uploads\\\/2025\\\/04\\\/WhatsApp-Image-2025-04-16-at-9.55.59-AM-2-1.jpeg&quot;},{&quot;id&quot;:3142,&quot;url&quot;:&quot;https:\\\/\\\/ecoenergias-ge.com\\\/wp-content\\\/uploads\\\/2025\\\/04\\\/WhatsApp-Image-2025-04-16-at-9.56.00-AM-3.jpeg&quot;},{&quot;id&quot;:3198,&quot;url&quot;:&quot;https:\\\/\\\/ecoenergias-ge.com\\\/wp-content\\\/uploads\\\/2025\\\/04\\\/WhatsApp-Image-2025-04-16-at-9.55.59-AM-2-2.jpeg&quot;},{&quot;id&quot;:3199,&quot;url&quot;:&quot;https:\\\/\\\/ecoenergias-ge.com\\\/wp-content\\\/uploads\\\/2025\\\/04\\\/WhatsApp-Image-2025-04-16-at-9.55.59-AM-3-2.jpeg&quot;}],&quot;background_slideshow_lazyload&quot;:&quot;yes&quot;,&quot;background_slideshow_ken_burns&quot;:&quot;yes&quot;,&quot;background_slideshow_loop&quot;:&quot;yes&quot;,&quot;background_slideshow_slide_duration&quot;:5000,&quot;background_slideshow_slide_transition&quot;:&quot;fade&quot;,&quot;background_slideshow_transition_duration&quot;:500,&quot;background_slideshow_ken_burns_zoom_direction&quot;:&quot;in&quot;}\">\n\t\t\t\t\t<div class=\"e-con-inner\">\n\t\t<div class=\"elementor-element elementor-element-39c3f99c e-con-full e-flex e-con e-child\" data-id=\"39c3f99c\" data-element_type=\"container\" data-e-type=\"container\">\n\t\t\t\t<div class=\"elementor-element elementor-element-4bbe8aa7 elementor-invisible elementor-widget elementor-widget-heading\" data-id=\"4bbe8aa7\" data-element_type=\"widget\" data-e-type=\"widget\" data-settings=\"{&quot;_animation&quot;:&quot;fadeInUp&quot;,&quot;_animation_delay&quot;:200}\" data-widget_type=\"heading.default\">\n\t\t\t\t<div class=\"elementor-widget-container\">\n\t\t\t\t\t<h1 class=\"elementor-heading-title elementor-size-default\">Cableado de Cobre El\u00e9ctrico<\/h1>\t\t\t\t<\/div>\n\t\t\t\t<\/div>\n\t\t\t\t<\/div>\n\t\t\t\t\t<\/div>\n\t\t\t\t<\/div>\n\t\t<div class=\"elementor-element elementor-element-61756a14 e-con-full e-flex e-con e-parent\" data-id=\"61756a14\" data-element_type=\"container\" data-e-type=\"container\">\n\t\t<div class=\"elementor-element elementor-element-6dc327cf e-con-full e-flex e-con e-child\" data-id=\"6dc327cf\" data-element_type=\"container\" data-e-type=\"container\">\n\t\t\t\t<div class=\"elementor-element elementor-element-2739d4ae elementor-widget elementor-widget-heading\" data-id=\"2739d4ae\" data-element_type=\"widget\" data-e-type=\"widget\" data-widget_type=\"heading.default\">\n\t\t\t\t<div class=\"elementor-widget-container\">\n\t\t\t\t\t<h3 class=\"elementor-heading-title elementor-size-default\">Tipos de cables de cobre (seg\u00fan uso)<\/h3>\t\t\t\t<\/div>\n\t\t\t\t<\/div>\n\t\t\t\t<div class=\"elementor-element elementor-element-8eb8430 elementor-widget elementor-widget-heading\" data-id=\"8eb8430\" data-element_type=\"widget\" data-e-type=\"widget\" data-widget_type=\"heading.default\">\n\t\t\t\t<div class=\"elementor-widget-container\">\n\t\t\t\t\t<h6 class=\"elementor-heading-title elementor-size-default\">1. Cables s\u00f3lidos: Un solo hilo grueso, usados en instalaciones fijas.\n<br>2. Cables flexibles: Muchos hilos delgados trenzados, ideales para conexiones m\u00f3viles o flexibles (como en veh\u00edculos).\n<br>3. Cables coaxiales, trenzados, apantallados: Para usos especiales como telecomunicaciones, redes o electr\u00f3nica.<\/h6>\t\t\t\t<\/div>\n\t\t\t\t<\/div>\n\t\t<div class=\"elementor-element elementor-element-69c440a7 e-con-full e-flex e-con e-child\" data-id=\"69c440a7\" data-element_type=\"container\" data-e-type=\"container\" data-settings=\"{&quot;background_background&quot;:&quot;slideshow&quot;,&quot;background_slideshow_gallery&quot;:[{&quot;id&quot;:3248,&quot;url&quot;:&quot;https:\\\/\\\/ecoenergias-ge.com\\\/wp-content\\\/uploads\\\/2025\\\/05\\\/WhatsApp-Image-2025-04-16-at-9.55.59-AM-2.jpeg&quot;},{&quot;id&quot;:3198,&quot;url&quot;:&quot;https:\\\/\\\/ecoenergias-ge.com\\\/wp-content\\\/uploads\\\/2025\\\/04\\\/WhatsApp-Image-2025-04-16-at-9.55.59-AM-2-2.jpeg&quot;},{&quot;id&quot;:3199,&quot;url&quot;:&quot;https:\\\/\\\/ecoenergias-ge.com\\\/wp-content\\\/uploads\\\/2025\\\/04\\\/WhatsApp-Image-2025-04-16-at-9.55.59-AM-3-2.jpeg&quot;},{&quot;id&quot;:3197,&quot;url&quot;:&quot;https:\\\/\\\/ecoenergias-ge.com\\\/wp-content\\\/uploads\\\/2025\\\/04\\\/WhatsApp-Image-2025-04-16-at-9.56.00-AM-4.jpeg&quot;}],&quot;background_slideshow_slide_duration&quot;:10000,&quot;background_slideshow_loop&quot;:&quot;yes&quot;,&quot;background_slideshow_slide_transition&quot;:&quot;fade&quot;,&quot;background_slideshow_transition_duration&quot;:500}\">\n\t\t\t\t<\/div>\n\t\t\t\t<\/div>\n\t\t\t\t<\/div>\n\t\t<div class=\"elementor-element elementor-element-875ee5d e-flex e-con-boxed e-con e-parent\" data-id=\"875ee5d\" data-element_type=\"container\" data-e-type=\"container\" data-settings=\"{&quot;background_background&quot;:&quot;classic&quot;}\">\n\t\t\t\t\t<div class=\"e-con-inner\">\n\t\t<div class=\"elementor-element elementor-element-c4d41b3 e-flex e-con-boxed elementor-invisible e-con e-child\" data-id=\"c4d41b3\" data-element_type=\"container\" data-e-type=\"container\" data-settings=\"{&quot;animation&quot;:&quot;fadeInUp&quot;}\">\n\t\t\t\t\t<div class=\"e-con-inner\">\n\t\t\t\t<div class=\"elementor-element elementor-element-4c44aaa elementor-widget elementor-widget-heading\" data-id=\"4c44aaa\" data-element_type=\"widget\" data-e-type=\"widget\" data-widget_type=\"heading.default\">\n\t\t\t\t<div class=\"elementor-widget-container\">\n\t\t\t\t\t<h6 class=\"elementor-heading-title elementor-size-default\">FAQs<\/h6>\t\t\t\t<\/div>\n\t\t\t\t<\/div>\n\t\t\t\t<div class=\"elementor-element elementor-element-62aa534 elementor-widget elementor-widget-heading\" data-id=\"62aa534\" data-element_type=\"widget\" data-e-type=\"widget\" data-widget_type=\"heading.default\">\n\t\t\t\t<div class=\"elementor-widget-container\">\n\t\t\t\t\t<h2 class=\"elementor-heading-title elementor-size-default\">Preguntas Frecuentes<\/h2>\t\t\t\t<\/div>\n\t\t\t\t<\/div>\n\t\t\t\t\t<\/div>\n\t\t\t\t<\/div>\n\t\t<div class=\"elementor-element elementor-element-6bd9f03 e-con-full e-grid elementor-invisible e-con e-child\" data-id=\"6bd9f03\" data-element_type=\"container\" data-e-type=\"container\" data-settings=\"{&quot;animation&quot;:&quot;fadeIn&quot;}\">\n\t\t\t\t<div class=\"elementor-element elementor-element-9b9d31d elementor-invisible elementor-widget elementor-widget-elementskit-accordion\" data-id=\"9b9d31d\" data-element_type=\"widget\" data-e-type=\"widget\" data-settings=\"{&quot;_animation&quot;:&quot;fadeInLeft&quot;}\" data-widget_type=\"elementskit-accordion.default\">\n\t\t\t\t<div class=\"elementor-widget-container\">\n\t\t\t\t\t<div class=\"ekit-wid-con\" >\n        <div class=\"elementskit-accordion accoedion-primary\" id=\"accordion-69e2f5159fced\">\n\n            \n                <div class=\"elementskit-card active\">\n                    <div class=\"elementskit-card-header\" id=\"primaryHeading-0-9b9d31d\">\n                        <a href=\"#collapse-4ee78fb69e2f5159fced\" class=\"ekit-accordion--toggler elementskit-btn-link collapsed\" data-ekit-toggle=\"collapse\" data-target=\"#Collapse-4ee78fb69e2f5159fced\" aria-expanded=\"true\" aria-controls=\"Collapse-4ee78fb69e2f5159fced\">\n                            \n                            <span class=\"ekit-accordion-title\">\u00bfQu\u00e9 sectores se benefician m\u00e1s de estos cursos de capacitaci\u00f3n?<\/span>\n\n                            \n                                <div class=\"ekit_accordion_icon_group\">\n                                    <div class=\"ekit_accordion_normal_icon\">\n                                        <!-- Normal Icon -->\n\t\t\t\t\t\t\t\t\t\t<i class=\"icon icon-down-arrow1\"><\/i>                                    <\/div>\n\n                                    <div class=\"ekit_accordion_active_icon\">\n                                        <!-- Active Icon -->\n\t\t\t\t\t\t\t\t\t\t<i class=\"icon icon-up-arrow1\"><\/i>                                    <\/div>\n                                <\/div>\n\n                            \n                                                    <\/a>\n                    <\/div>\n\n                    <div id=\"Collapse-4ee78fb69e2f5159fced\" class=\" show collapse\" aria-labelledby=\"primaryHeading-0-9b9d31d\" data-parent=\"#accordion-69e2f5159fced\">\n\n                        <div class=\"elementskit-card-body ekit-accordion--content\">\n                            <p>Los sectores industriales, energ\u00e9ticos y tecnol\u00f3gicos son los m\u00e1s beneficiados, ya que requieren supervisores t\u00e9cnicos con habilidades actualizadas en gesti\u00f3n operativa y tecnolog\u00edas avanzadas.<\/p>                        <\/div>\n\n                    <\/div>\n\n                <\/div><!-- .elementskit-card END -->\n\n                \n                <div class=\"elementskit-card \">\n                    <div class=\"elementskit-card-header\" id=\"primaryHeading-1-9b9d31d\">\n                        <a href=\"#collapse-e35d94269e2f5159fced\" class=\"ekit-accordion--toggler elementskit-btn-link collapsed\" data-ekit-toggle=\"collapse\" data-target=\"#Collapse-e35d94269e2f5159fced\" aria-expanded=\"false\" aria-controls=\"Collapse-e35d94269e2f5159fced\">\n                            \n                            <span class=\"ekit-accordion-title\">\u00bfC\u00f3mo se garantiza la implementaci\u00f3n pr\u00e1ctica de los conocimientos adquiridos?<\/span>\n\n                            \n                                <div class=\"ekit_accordion_icon_group\">\n                                    <div class=\"ekit_accordion_normal_icon\">\n                                        <!-- Normal Icon -->\n\t\t\t\t\t\t\t\t\t\t<i class=\"icon icon-down-arrow1\"><\/i>                                    <\/div>\n\n                                    <div class=\"ekit_accordion_active_icon\">\n                                        <!-- Active Icon -->\n\t\t\t\t\t\t\t\t\t\t<i class=\"icon icon-up-arrow1\"><\/i>                                    <\/div>\n                                <\/div>\n\n                            \n                                                    <\/a>\n                    <\/div>\n\n                    <div id=\"Collapse-e35d94269e2f5159fced\" class=\" collapse\" aria-labelledby=\"primaryHeading-1-9b9d31d\" data-parent=\"#accordion-69e2f5159fced\">\n\n                        <div class=\"elementskit-card-body ekit-accordion--content\">\n                            <p>Los cursos incluyen ejercicios pr\u00e1cticos y estudios de casos reales que permiten a los participantes aplicar inmediatamente los conocimientos en sus funciones diarias.<\/p>                        <\/div>\n\n                    <\/div>\n\n                <\/div><!-- .elementskit-card END -->\n\n                                        <\/div>\n    <\/div>\t\t\t\t<\/div>\n\t\t\t\t<\/div>\n\t\t\t\t<div class=\"elementor-element elementor-element-5175d58 elementor-invisible elementor-widget elementor-widget-elementskit-accordion\" data-id=\"5175d58\" data-element_type=\"widget\" data-e-type=\"widget\" data-settings=\"{&quot;_animation&quot;:&quot;fadeInRight&quot;}\" data-widget_type=\"elementskit-accordion.default\">\n\t\t\t\t<div class=\"elementor-widget-container\">\n\t\t\t\t\t<div class=\"ekit-wid-con\" >\n        <div class=\"elementskit-accordion accoedion-primary\" id=\"accordion-69e2f515a07f3\">\n\n            \n                <div class=\"elementskit-card active\">\n                    <div class=\"elementskit-card-header\" id=\"primaryHeading-0-5175d58\">\n                        <a href=\"#collapse-4ee78fb69e2f515a07f3\" class=\"ekit-accordion--toggler elementskit-btn-link collapsed\" data-ekit-toggle=\"collapse\" data-target=\"#Collapse-4ee78fb69e2f515a07f3\" aria-expanded=\"true\" aria-controls=\"Collapse-4ee78fb69e2f515a07f3\">\n                            \n                            <span class=\"ekit-accordion-title\">\u00bfLos cursos est\u00e1n adaptados a los niveles de experiencia de los supervisores?<\/span>\n\n                            \n                                <div class=\"ekit_accordion_icon_group\">\n                                    <div class=\"ekit_accordion_normal_icon\">\n                                        <!-- Normal Icon -->\n\t\t\t\t\t\t\t\t\t\t<i class=\"icon icon-down-arrow1\"><\/i>                                    <\/div>\n\n                                    <div class=\"ekit_accordion_active_icon\">\n                                        <!-- Active Icon -->\n\t\t\t\t\t\t\t\t\t\t<i class=\"icon icon-up-arrow1\"><\/i>                                    <\/div>\n                                <\/div>\n\n                            \n                                                    <\/a>\n                    <\/div>\n\n                    <div id=\"Collapse-4ee78fb69e2f515a07f3\" class=\" show collapse\" aria-labelledby=\"primaryHeading-0-5175d58\" data-parent=\"#accordion-69e2f515a07f3\">\n\n                        <div class=\"elementskit-card-body ekit-accordion--content\">\n                            <p>S\u00ed, los cursos est\u00e1n dise\u00f1ados para adaptarse a diferentes niveles de experiencia, desde supervisores novatos hasta profesionales con amplia trayectoria. Ofrecemos m\u00f3dulos personalizables seg\u00fan las necesidades del participante, asegurando que cada uno reciba formaci\u00f3n relevante y valiosa para su rol espec\u00edfico.<\/p>                        <\/div>\n\n                    <\/div>\n\n                <\/div><!-- .elementskit-card END -->\n\n                \n                <div class=\"elementskit-card \">\n                    <div class=\"elementskit-card-header\" id=\"primaryHeading-1-5175d58\">\n                        <a href=\"#collapse-e35d94269e2f515a07f3\" class=\"ekit-accordion--toggler elementskit-btn-link collapsed\" data-ekit-toggle=\"collapse\" data-target=\"#Collapse-e35d94269e2f515a07f3\" aria-expanded=\"false\" aria-controls=\"Collapse-e35d94269e2f515a07f3\">\n                            \n                            <span class=\"ekit-accordion-title\">\u00bfPueden personalizarse los cursos seg\u00fan las necesidades espec\u00edficas de la empresa?<\/span>\n\n                            \n                                <div class=\"ekit_accordion_icon_group\">\n                                    <div class=\"ekit_accordion_normal_icon\">\n                                        <!-- Normal Icon -->\n\t\t\t\t\t\t\t\t\t\t<i class=\"icon icon-down-arrow1\"><\/i>                                    <\/div>\n\n                                    <div class=\"ekit_accordion_active_icon\">\n                                        <!-- Active Icon -->\n\t\t\t\t\t\t\t\t\t\t<i class=\"icon icon-up-arrow1\"><\/i>                                    <\/div>\n                                <\/div>\n\n                            \n                                                    <\/a>\n                    <\/div>\n\n                    <div id=\"Collapse-e35d94269e2f515a07f3\" class=\" collapse\" aria-labelledby=\"primaryHeading-1-5175d58\" data-parent=\"#accordion-69e2f515a07f3\">\n\n                        <div class=\"elementskit-card-body ekit-accordion--content\">\n                            <p>Absolutamente, ofrecemos la posibilidad de personalizar los cursos para ajustarlos a los requisitos y desaf\u00edos espec\u00edficos de cada empresa. Esto incluye adaptar los m\u00f3dulos a los procesos internos, tecnolog\u00edas utilizadas y las normativas aplicables, asegurando que la formaci\u00f3n sea directamente aplicable al entorno laboral del cliente.<\/p>                        <\/div>\n\n                    <\/div>\n\n                <\/div><!-- .elementskit-card END -->\n\n                                        <\/div>\n    <\/div>\t\t\t\t<\/div>\n\t\t\t\t<\/div>\n\t\t\t\t<\/div>\n\t\t\t\t\t<\/div>\n\t\t\t\t<\/div>\n\t\t<div class=\"elementor-element elementor-element-3c70992b e-flex e-con-boxed e-con e-parent\" data-id=\"3c70992b\" data-element_type=\"container\" data-e-type=\"container\" data-settings=\"{&quot;background_background&quot;:&quot;slideshow&quot;,&quot;background_slideshow_gallery&quot;:[{&quot;id&quot;:433,&quot;url&quot;:&quot;https:\\\/\\\/ecoenergias-ge.com\\\/wp-content\\\/uploads\\\/2024\\\/09\\\/16x9_black_african_handimans_installi1.png&quot;},{&quot;id&quot;:222,&quot;url&quot;:&quot;https:\\\/\\\/ecoenergias-ge.com\\\/wp-content\\\/uploads\\\/2024\\\/09\\\/clean-energy-concept-with-wind-turbines-scaled.jpg&quot;}],&quot;background_slideshow_slide_duration&quot;:10000,&quot;background_slideshow_lazyload&quot;:&quot;yes&quot;,&quot;background_slideshow_ken_burns&quot;:&quot;yes&quot;,&quot;background_slideshow_loop&quot;:&quot;yes&quot;,&quot;background_slideshow_slide_transition&quot;:&quot;fade&quot;,&quot;background_slideshow_transition_duration&quot;:500,&quot;background_slideshow_ken_burns_zoom_direction&quot;:&quot;in&quot;}\">\n\t\t\t\t\t<div class=\"e-con-inner\">\n\t\t<div class=\"elementor-element elementor-element-3a236f13 e-con-full e-flex e-con e-child\" data-id=\"3a236f13\" data-element_type=\"container\" data-e-type=\"container\">\n\t\t\t\t<div class=\"elementor-element elementor-element-78152502 elementor-invisible elementor-widget elementor-widget-heading\" data-id=\"78152502\" data-element_type=\"widget\" data-e-type=\"widget\" data-settings=\"{&quot;_animation&quot;:&quot;fadeInUp&quot;}\" data-widget_type=\"heading.default\">\n\t\t\t\t<div class=\"elementor-widget-container\">\n\t\t\t\t\t<div class=\"elementor-heading-title elementor-size-default\">Energ\u00eda Inteligente, Ahorro Garantizado<\/div>\t\t\t\t<\/div>\n\t\t\t\t<\/div>\n\t\t\t\t<div class=\"elementor-element elementor-element-5decf51e elementor-invisible elementor-widget elementor-widget-heading\" data-id=\"5decf51e\" data-element_type=\"widget\" data-e-type=\"widget\" data-settings=\"{&quot;_animation&quot;:&quot;fadeInUp&quot;,&quot;_animation_delay&quot;:200}\" data-widget_type=\"heading.default\">\n\t\t\t\t<div class=\"elementor-widget-container\">\n\t\t\t\t\t<div class=\"elementor-heading-title elementor-size-default\">Haz que tu proyecto brille con la energ\u00eda renovable y las soluciones innovadoras de Ecoenergias SL. Pide tu presupuesto sin compromiso y descubre las ventajas de elegir una energ\u00eda m\u00e1s limpia y eficiente.<\/div>\t\t\t\t<\/div>\n\t\t\t\t<\/div>\n\t\t\t\t<div class=\"elementor-element elementor-element-43a10a2a elementor-align-center elementor-invisible elementor-widget elementor-widget-button\" data-id=\"43a10a2a\" data-element_type=\"widget\" data-e-type=\"widget\" data-settings=\"{&quot;_animation&quot;:&quot;fadeInUp&quot;,&quot;_animation_delay&quot;:300}\" data-widget_type=\"button.default\">\n\t\t\t\t<div class=\"elementor-widget-container\">\n\t\t\t\t\t\t\t\t\t<div class=\"elementor-button-wrapper\">\n\t\t\t\t\t<a class=\"elementor-button elementor-button-link elementor-size-sm\" href=\"https:\/\/ecoenergias-ge.com\/contacto-ecooenergias-sl\/\">\n\t\t\t\t\t\t<span class=\"elementor-button-content-wrapper\">\n\t\t\t\t\t\t\t\t\t<span class=\"elementor-button-text\">Cont\u00e1ctanos<\/span>\n\t\t\t\t\t<\/span>\n\t\t\t\t\t<\/a>\n\t\t\t\t<\/div>\n\t\t\t\t\t\t\t\t<\/div>\n\t\t\t\t<\/div>\n\t\t\t\t<\/div>\n\t\t\t\t\t<\/div>\n\t\t\t\t<\/div>\n\t\t<div class=\"elementor-element elementor-element-ffe0f5c e-flex e-con-boxed e-con e-parent\" data-id=\"ffe0f5c\" data-element_type=\"container\" data-e-type=\"container\">\n\t\t\t\t\t<div class=\"e-con-inner\">\n\t\t\t\t\t<\/div>\n\t\t\t\t<\/div>\n\t\t<div class=\"elementor-element elementor-element-437d207 e-flex e-con-boxed e-con e-parent\" data-id=\"437d207\" data-element_type=\"container\" data-e-type=\"container\">\n\t\t\t\t\t<div class=\"e-con-inner\">\n\t\t\t\t\t<\/div>\n\t\t\t\t<\/div>\n\t\t\t\t<\/div>\n\t\t","protected":false},"excerpt":{"rendered":"<p>Cableado de Cobre El\u00e9ctrico Tipos de cables de cobre (seg\u00fan uso) 1. Cables s\u00f3lidos: Un solo hilo grueso, usados en instalaciones fijas. 2. Cables flexibles: Muchos hilos delgados trenzados, ideales para conexiones m\u00f3viles o flexibles (como en veh\u00edculos). 3. Cables coaxiales, trenzados, apantallados: Para usos especiales como telecomunicaciones, redes o electr\u00f3nica. FAQs Preguntas Frecuentes \u00bfQu\u00e9 [&hellip;]<\/p>\n","protected":false},"author":1,"featured_media":0,"parent":0,"menu_order":0,"comment_status":"closed","ping_status":"closed","template":"","meta":{"footnotes":""},"class_list":["post-1838","page","type-page","status-publish","hentry"],"_links":{"self":[{"href":"https:\/\/ecoenergias-ge.com\/fr\/wp-json\/wp\/v2\/pages\/1838","targetHints":{"allow":["GET"]}}],"collection":[{"href":"https:\/\/ecoenergias-ge.com\/fr\/wp-json\/wp\/v2\/pages"}],"about":[{"href":"https:\/\/ecoenergias-ge.com\/fr\/wp-json\/wp\/v2\/types\/page"}],"author":[{"embeddable":true,"href":"https:\/\/ecoenergias-ge.com\/fr\/wp-json\/wp\/v2\/users\/1"}],"replies":[{"embeddable":true,"href":"https:\/\/ecoenergias-ge.com\/fr\/wp-json\/wp\/v2\/comments?post=1838"}],"version-history":[{"count":71,"href":"https:\/\/ecoenergias-ge.com\/fr\/wp-json\/wp\/v2\/pages\/1838\/revisions"}],"predecessor-version":[{"id":3309,"href":"https:\/\/ecoenergias-ge.com\/fr\/wp-json\/wp\/v2\/pages\/1838\/revisions\/3309"}],"wp:attachment":[{"href":"https:\/\/ecoenergias-ge.com\/fr\/wp-json\/wp\/v2\/media?parent=1838"}],"curies":[{"name":"wp","href":"https:\/\/api.w.org\/{rel}","templated":true}]}}